{"id":2739,"date":"2018-03-11T19:56:10","date_gmt":"2018-03-11T19:56:10","guid":{"rendered":"https:\/\/www.studioliving.ee\/outdoor\/"},"modified":"2018-03-19T12:04:44","modified_gmt":"2018-03-19T12:04:44","slug":"valimoobel","status":"publish","type":"page","link":"https:\/\/www.studioliving.ee\/et\/valimoobel\/","title":{"rendered":"V\u00e4lim\u00f6\u00f6bel"},"content":{"rendered":"","protected":false},"excerpt":{"rendered":"","protected":false},"author":2,"featured_media":0,"parent":0,"menu_order":15,"comment_status":"closed","ping_status":"closed","template":"cat-template.php","meta":{"_acf_changed":false,"footnotes":""},"acf":[],"_links":{"self":[{"href":"https:\/\/www.studioliving.ee\/et\/wp-json\/wp\/v2\/pages\/2739"}],"collection":[{"href":"https:\/\/www.studioliving.ee\/et\/wp-json\/wp\/v2\/pages"}],"about":[{"href":"https:\/\/www.studioliving.ee\/et\/wp-json\/wp\/v2\/types\/page"}],"author":[{"embeddable":true,"href":"https:\/\/www.studioliving.ee\/et\/wp-json\/wp\/v2\/users\/2"}],"replies":[{"embeddable":true,"href":"https:\/\/www.studioliving.ee\/et\/wp-json\/wp\/v2\/comments?post=2739"}],"version-history":[{"count":4,"href":"https:\/\/www.studioliving.ee\/et\/wp-json\/wp\/v2\/pages\/2739\/revisions"}],"predecessor-version":[{"id":3066,"href":"https:\/\/www.studioliving.ee\/et\/wp-json\/wp\/v2\/pages\/2739\/revisions\/3066"}],"wp:attachment":[{"href":"https:\/\/www.studioliving.ee\/et\/wp-json\/wp\/v2\/media?parent=2739"}],"curies":[{"name":"wp","href":"https:\/\/api.w.org\/{rel}","templated":true}]}}