{"id":57,"date":"2018-01-28T17:19:15","date_gmt":"2018-01-28T17:19:15","guid":{"rendered":"https:\/\/www.studioliving.ee\/?page_id=57"},"modified":"2022-02-12T09:21:25","modified_gmt":"2022-02-12T09:21:25","slug":"about-us","status":"publish","type":"page","link":"https:\/\/www.studioliving.ee\/et\/about-us\/","title":{"rendered":"Meist"},"content":{"rendered":"<div class=\"col-lg-6\">\n<div class=\"aboutus_text\"><img loading=\"lazy\" decoding=\"async\" class=\"alignnone size-medium wp-image-11800\" src=\"https:\/\/www.studioliving.ee\/wp-content\/uploads\/2022\/02\/About-us-5-613x700.jpg\" alt=\"\" width=\"613\" height=\"700\" srcset=\"https:\/\/www.studioliving.ee\/wp-content\/uploads\/2022\/02\/About-us-5-613x700.jpg 613w, https:\/\/www.studioliving.ee\/wp-content\/uploads\/2022\/02\/About-us-5-897x1024.jpg 897w, https:\/\/www.studioliving.ee\/wp-content\/uploads\/2022\/02\/About-us-5-768x876.jpg 768w, https:\/\/www.studioliving.ee\/wp-content\/uploads\/2022\/02\/About-us-5.jpg 970w\" sizes=\"(max-width: 613px) 100vw, 613px\" \/><br \/>\n<strong>Loominguliste ja isikup\u00e4raste keskkondade nimel<\/strong><br \/>\nSisearhitekti ja disainerina usun ma, et hirm eristumise ja isikup\u00e4ra ees muudab meie elukeskkonnad kiretult \u00fchesuguseks. Uudishimu, julgus ja loomingulisus v\u00f5ib aga anda meie elu- ja t\u00f6\u00f6keskkondadele t\u00e4iesti uue t\u00e4henduse. Studio Living on s\u00fcndinud soovist \u00fcles otsida ja tuua teieni just eriliste, oman\u00e4oliste disainifirmade, sageli v\u00e4ikeste ja meil teinekord ka tundmatute noorte disainerite, k\u00e4sit\u00f6\u00f6liste ning v\u00e4iketootjate elukondlikud tarbeesemed, mis on j\u00e4tkusuutlikult valminud Skandinaavias ja Euroopas tervikuna. Mitmetega neist, kes nende disainifirmade taga seisavad, olen tutvunud t\u00f6\u00f6tades ise aastaid nii sisearhitekti kui m\u00f6\u00f6blidisainerina, olles teinud koost\u00f6\u00f6d mitme rahvusvaheliselt olulise, disaini koondava, tutvustava ja turustava platvormi ja ettev\u00f5ttega. Toon teie ette valdavalt need Euroopa disainifirmad, kes minule endale on silma j\u00e4\u00e4nud, need, kelle looming s\u00fcnnib s\u00fcdamest ja kelle t\u00f6\u00f6 on kogukondlikult oluline &#8211; nii k\u00e4sit\u00f6\u00f6oskuste, kultuuri edendajate kui t\u00f6\u00f6andjatena.<\/div>\n<\/div>\n<div class=\"col-lg-6\">\n<div class=\"aboutus_text\"><img loading=\"lazy\" decoding=\"async\" class=\"alignnone size-medium wp-image-11796\" src=\"https:\/\/www.studioliving.ee\/wp-content\/uploads\/2022\/02\/About-us-2-613x700.jpg\" alt=\"\" width=\"613\" height=\"700\" srcset=\"https:\/\/www.studioliving.ee\/wp-content\/uploads\/2022\/02\/About-us-2-613x700.jpg 613w, https:\/\/www.studioliving.ee\/wp-content\/uploads\/2022\/02\/About-us-2-897x1024.jpg 897w, https:\/\/www.studioliving.ee\/wp-content\/uploads\/2022\/02\/About-us-2-768x876.jpg 768w, https:\/\/www.studioliving.ee\/wp-content\/uploads\/2022\/02\/About-us-2.jpg 970w\" sizes=\"(max-width: 613px) 100vw, 613px\" \/><br \/>\n<strong>P\u00e4ris asjad, p\u00e4ris inimestele<\/strong><br \/>\nMeil ei ole e-poodi ega virtuaalset proovikabiini, sest peame oluliseks personaalsust. Virtuaalsusel on sellele k\u00f5igele aga h\u00e4vitav m\u00f5ju ja just seet\u00f5ttu eelistame ehtsaid asju, p\u00e4ris inimesi ja p\u00e4ris suhtlemist. Meie s\u00fcdalinnas asuv stuudio ongi ennek\u00f5ike kohtumispaik kus on v\u00e4ljas ka suur hulk disaini, mida on v\u00f5imalik oma k\u00e4ega katsuda ja proovida. Kohtumiseni ja p\u00f5nevate avastusteni!<br \/>\nAap Piho<br \/>\nAsutaja, disainer, kuraator<\/div>\n<\/div>\n","protected":false},"excerpt":{"rendered":"<p>Loominguliste ja isikup\u00e4raste keskkondade nimel Sisearhitekti ja disainerina usun ma, et hirm eristumise ja isikup\u00e4ra ees muudab meie elukeskkonnad kiretult \u00fchesuguseks. Uudishimu, julgus ja loomingulisus v\u00f5ib aga anda meie elu- ja t\u00f6\u00f6keskkondadele t\u00e4iesti uue t\u00e4henduse. Studio Living on s\u00fcndinud soovist \u00fcles otsida ja tuua teieni just eriliste, oman\u00e4oliste disainifirmade, sageli v\u00e4ikeste ja meil teinekord ka [&hellip;]<\/p>\n","protected":false},"author":3,"featured_media":3125,"parent":0,"menu_order":28,"comment_status":"closed","ping_status":"closed","template":"about.php","meta":{"_acf_changed":false,"footnotes":""},"acf":[],"_links":{"self":[{"href":"https:\/\/www.studioliving.ee\/et\/wp-json\/wp\/v2\/pages\/57"}],"collection":[{"href":"https:\/\/www.studioliving.ee\/et\/wp-json\/wp\/v2\/pages"}],"about":[{"href":"https:\/\/www.studioliving.ee\/et\/wp-json\/wp\/v2\/types\/page"}],"author":[{"embeddable":true,"href":"https:\/\/www.studioliving.ee\/et\/wp-json\/wp\/v2\/users\/3"}],"replies":[{"embeddable":true,"href":"https:\/\/www.studioliving.ee\/et\/wp-json\/wp\/v2\/comments?post=57"}],"version-history":[{"count":25,"href":"https:\/\/www.studioliving.ee\/et\/wp-json\/wp\/v2\/pages\/57\/revisions"}],"predecessor-version":[{"id":11814,"href":"https:\/\/www.studioliving.ee\/et\/wp-json\/wp\/v2\/pages\/57\/revisions\/11814"}],"wp:featuredmedia":[{"embeddable":true,"href":"https:\/\/www.studioliving.ee\/et\/wp-json\/wp\/v2\/media\/3125"}],"wp:attachment":[{"href":"https:\/\/www.studioliving.ee\/et\/wp-json\/wp\/v2\/media?parent=57"}],"curies":[{"name":"wp","href":"https:\/\/api.w.org\/{rel}","templated":true}]}}