{"id":6834,"date":"2020-03-05T09:17:18","date_gmt":"2020-03-05T09:17:18","guid":{"rendered":"https:\/\/www.studioliving.ee\/services\/"},"modified":"2020-04-01T07:16:33","modified_gmt":"2020-04-01T07:16:33","slug":"services","status":"publish","type":"page","link":"https:\/\/www.studioliving.ee\/et\/services\/","title":{"rendered":"Teenused"},"content":{"rendered":"<div class=\"col-lg-6\">\n<div class=\"aboutus_text\">\n<p><b>Mitte lihtsalt \u00fcks tavaline m\u00f6\u00f6blipood<\/b><\/p>\n<p>Lisaks laiale, hoolikalt valitud k\u00f5ige p\u00f5nevamast t\u00e4nasest Euroopa disainist, m\u00f6\u00f6blist, valgustitest ja sisustuslahendustest, pakub Studio Living ka oma pikaajalist kogemust sisearhitektuuri, m\u00f6\u00f6bli- ja sisustusprojektide vallas. Alustades konsultatsioonidest kuni suuremahuliste sisustusprojektide koostamiseni \u00fches eelarvestamise ja projektijuhtimisega nii arhitektuurib\u00fcroodele, erinevatele organisatsioonidele, era- kui \u00e4riklientidele.\n<\/p><\/div>\n<\/div>\n<div class=\"col-lg-6\">\n<div class=\"aboutus_text\">\n<p><b>Seisame loominguliste keskkondade eest<\/b><\/p>\n<p>Me teeme igap\u00e4evaselt v\u00e4ga tihedat koost\u00f6\u00f6d arhitektide, sisearhitektide, ehitusettev\u00f5tete ja arendajatega, loomaks h\u00e4sti l\u00e4bim\u00f5eldud ning nauditavaid keskkondi. Sisearhitektide ja disaineritena on meie kireks loomingulised elu- ja t\u00f6\u00f6keskkonnad, hea ja isikup\u00e4rane disain, arhitektuur, erinevad tekstuurid, materjalid ja detailid. Meie oskus n\u00e4ha seda k\u00f5ike h\u00e4sti tasakaalustatud tervikuna aitab leida l\u00e4bi v\u00e4ga individuaalse l\u00e4henemise parimaid lahendusi ja ruumikvaliteeti.<\/p>\n<\/div>\n<\/div>\n","protected":false},"excerpt":{"rendered":"<p>Mitte lihtsalt \u00fcks tavaline m\u00f6\u00f6blipood Lisaks laiale, hoolikalt valitud k\u00f5ige p\u00f5nevamast t\u00e4nasest Euroopa disainist, m\u00f6\u00f6blist, valgustitest ja sisustuslahendustest, pakub Studio Living ka oma pikaajalist kogemust sisearhitektuuri, m\u00f6\u00f6bli- ja sisustusprojektide vallas. Alustades konsultatsioonidest kuni suuremahuliste sisustusprojektide koostamiseni \u00fches eelarvestamise ja projektijuhtimisega nii arhitektuurib\u00fcroodele, erinevatele organisatsioonidele, era- kui \u00e4riklientidele. Seisame loominguliste keskkondade eest Me teeme igap\u00e4evaselt v\u00e4ga [&hellip;]<\/p>\n","protected":false},"author":2,"featured_media":7099,"parent":0,"menu_order":5,"comment_status":"closed","ping_status":"closed","template":"about.php","meta":{"_acf_changed":false,"footnotes":""},"acf":[],"_links":{"self":[{"href":"https:\/\/www.studioliving.ee\/et\/wp-json\/wp\/v2\/pages\/6834"}],"collection":[{"href":"https:\/\/www.studioliving.ee\/et\/wp-json\/wp\/v2\/pages"}],"about":[{"href":"https:\/\/www.studioliving.ee\/et\/wp-json\/wp\/v2\/types\/page"}],"author":[{"embeddable":true,"href":"https:\/\/www.studioliving.ee\/et\/wp-json\/wp\/v2\/users\/2"}],"replies":[{"embeddable":true,"href":"https:\/\/www.studioliving.ee\/et\/wp-json\/wp\/v2\/comments?post=6834"}],"version-history":[{"count":11,"href":"https:\/\/www.studioliving.ee\/et\/wp-json\/wp\/v2\/pages\/6834\/revisions"}],"predecessor-version":[{"id":7138,"href":"https:\/\/www.studioliving.ee\/et\/wp-json\/wp\/v2\/pages\/6834\/revisions\/7138"}],"wp:featuredmedia":[{"embeddable":true,"href":"https:\/\/www.studioliving.ee\/et\/wp-json\/wp\/v2\/media\/7099"}],"wp:attachment":[{"href":"https:\/\/www.studioliving.ee\/et\/wp-json\/wp\/v2\/media?parent=6834"}],"curies":[{"name":"wp","href":"https:\/\/api.w.org\/{rel}","templated":true}]}}